{"id":1269,"date":"2025-11-25T22:55:00","date_gmt":"2025-11-25T22:55:00","guid":{"rendered":"https:\/\/sanoralife.com\/product\/ashawandha-magnecio\/"},"modified":"2026-03-20T00:58:40","modified_gmt":"2026-03-20T00:58:40","slug":"ashawandha-magnesium","status":"publish","type":"product","link":"https:\/\/sanoralife.com\/es\/producto\/ashawandha-magnesium\/","title":{"rendered":"ASHWAGANDHA + MAGNESIO"},"content":{"rendered":"<p>\ud83c\udf3f Beneficios de Ashwagandha + Magnesio \ud83d\udc8a<\/p>\n<p>Ashwagandha \ud83e\uddd8\u200d\u2640\ufe0f<\/p>\n<p>Reduce el estr\u00e9s \ud83d\ude0c \u2013 Reduce los niveles de cortisol<br \/>\nMejora el sue\u00f1o \ud83d\ude34 \u2013 Ayuda a conciliar el sue\u00f1o m\u00e1s f\u00e1cilmente<br \/>\nAumenta la energ\u00eda \u26a1 \u2013 Combate la fatiga y el cansancio<br \/>\nFortalece el sistema inmunitario \ud83d\udee1\ufe0f \u2013 Mejora las defensas naturales<br \/>\nMejora la concentraci\u00f3n \ud83e\udde0 \u2013 Aumenta la concentraci\u00f3n mental<br \/>\nReduce la ansiedad \ud83d\udd4a\ufe0f \u2013 Efecto calmante natural<br \/>\nMejora el rendimiento f\u00edsico \ud83d\udcaa \u2013 Aumenta la fuerza y \u200b\u200bla resistencia<\/p>\n<p>Magnesio \u26a1<\/p>\n<p>Relaja los m\u00fasculos \ud83d\udc86\u200d\u2640\ufe0f \u2013 Reduce la tensi\u00f3n y los calambres<br \/>\nMejora la calidad del sue\u00f1o \ud83c\udf19 \u2013 Promueve un descanso profundo<br \/>\nFortalece los huesos \ud83e\uddb4 \u2013 Esencial para la salud \u00f3sea<br \/>\nRegula el ritmo card\u00edaco \u2764\ufe0f \u2013 Mantiene el coraz\u00f3n sano<br \/>\nReduce las migra\u00f1as \ud83e\udd15 \u2013 Disminuye la frecuencia de los dolores de cabeza<br \/>\nMejora el estado de \u00e1nimo \ud83d\ude0a \u2013 Ayuda a combatir la depresi\u00f3n<br \/>\nRegula el az\u00facar en sangre \ud83d\udcca \u2013 Mejora la sensibilidad a la insulina<\/p>\n<p>Sinergia Ashwagandha + Magnesio \u2728<\/p>\n<p>Relajaci\u00f3n profunda \ud83e\uddd8\u200d\u2642\ufe0f \u2013 Mayor efecto calmante<br \/>\nMejora la recuperaci\u00f3n \ud83d\udd04 \u2013 Ideal para deportistas<br \/>\nSue\u00f1o reparador \ud83d\ude34\ud83d\udca4 \u2013 Combinaci\u00f3n perfecta para el descanso<br \/>\nControl del estr\u00e9s \ud83c\udf0a \u2013 Doble acci\u00f3n antiestr\u00e9s<br \/>\nEquilibrio hormonal \u2696\ufe0f \u2013 Regulaci\u00f3n natural del cuerpo<\/p>\n<p>&nbsp;<\/p>\n<p>&nbsp;<\/p>","protected":false},"excerpt":{"rendered":"<p>SUPER MAGNESIO Y ASHWAGANDHA es un suplemento de bienestar elaborado para personas que buscan mejorar su salud general.<\/p>\n<p>Esta f\u00f3rmula apoya tanto la mente como el cuerpo, ayudando a aliviar el estr\u00e9s, combatir la fatiga y promover un bienestar equilibrado.<\/p>\n<p><strong><span class=\"HwtZe\" lang=\"en\"><span class=\"jCAhz ChMk0b\"><span class=\"ryNqvb\">Env\u00edo gratis.<\/span><\/span> <span class=\"jCAhz ChMk0b\"><span class=\"ryNqvb\">Paga al recibir<\/span><\/span><\/span><\/strong><\/p>","protected":false},"featured_media":1272,"template":"","meta":{"_acf_changed":false},"product_brand":[],"product_cat":[42],"product_tag":[],"class_list":{"0":"post-1269","1":"product","2":"type-product","3":"status-publish","4":"has-post-thumbnail","6":"product_cat-salud","8":"first","9":"instock","10":"shipping-taxable","11":"purchasable","12":"product-type-simple"},"acf":[],"_links":{"self":[{"href":"https:\/\/sanoralife.com\/es\/wp-json\/wp\/v2\/product\/1269","targetHints":{"allow":["GET"]}}],"collection":[{"href":"https:\/\/sanoralife.com\/es\/wp-json\/wp\/v2\/product"}],"about":[{"href":"https:\/\/sanoralife.com\/es\/wp-json\/wp\/v2\/types\/product"}],"wp:featuredmedia":[{"embeddable":true,"href":"https:\/\/sanoralife.com\/es\/wp-json\/wp\/v2\/media\/1272"}],"wp:attachment":[{"href":"https:\/\/sanoralife.com\/es\/wp-json\/wp\/v2\/media?parent=1269"}],"wp:term":[{"taxonomy":"product_brand","embeddable":true,"href":"https:\/\/sanoralife.com\/es\/wp-json\/wp\/v2\/product_brand?post=1269"},{"taxonomy":"product_cat","embeddable":true,"href":"https:\/\/sanoralife.com\/es\/wp-json\/wp\/v2\/product_cat?post=1269"},{"taxonomy":"product_tag","embeddable":true,"href":"https:\/\/sanoralife.com\/es\/wp-json\/wp\/v2\/product_tag?post=1269"}],"curies":[{"name":"wp","href":"https:\/\/api.w.org\/{rel}","templated":true}]}}