{"id":1293,"date":"2025-11-26T01:28:11","date_gmt":"2025-11-26T01:28:11","guid":{"rendered":"https:\/\/sanoralife.com\/product\/oil-of-oregano-capsula-blanda\/"},"modified":"2025-11-30T23:37:07","modified_gmt":"2025-11-30T23:37:07","slug":"oil-of-oregano-capsula-blanda","status":"publish","type":"product","link":"https:\/\/sanoralife.com\/es\/producto\/oil-of-oregano-capsula-blanda\/","title":{"rendered":"OIL OF OREGANO CAPSULA BLANDA"},"content":{"rendered":"<p>90 C\u00c1PSULAS BLANDAS DE OR\u00c9GANO.<\/p>\n<p>MICROINGREDIENTES.<\/p>\n<p>Usos y beneficios de las c\u00e1psulas de aceite de or\u00e9gano<\/p>\n<p>Propiedades antimicrobianas:<\/p>\n<p>El aceite de or\u00e9gano es conocido por su capacidad para combatir bacterias, virus, hongos y par\u00e1sitos. Se utiliza para:<\/p>\n<p>Apoyar el sistema inmunol\u00f3gico frente a infecciones leves, como resfriados o gripes.<\/p>\n<p>Combatir infecciones bacterianas, como las causadas por Staphylococcus o E. coli.<\/p>\n<p>Ayudar en el tratamiento de infecciones f\u00fangicas, como la candidiasis.<\/p>\n<p>Ejemplo: Algunas personas lo toman para prevenir o aliviar s\u00edntomas de infecciones respiratorias o digestivas.<\/p>\n<p>Apoyo al sistema inmunol\u00f3gico:<\/p>\n<p>Gracias a sus antioxidantes, como el carvacrol, puede fortalecer las defensas del cuerpo contra agentes pat\u00f3genos.<\/p>\n<p>Se usa como complemento en temporadas de gripe o cuando el sistema inmunol\u00f3gico necesita un refuerzo.<\/p>\n<p>Salud digestiva:<\/p>\n<p>Puede ayudar a equilibrar la flora intestinal al combatir bacterias da\u00f1inas y par\u00e1sitos, como los que causan molestias digestivas.<\/p>\n<p>Se ha asociado con el alivio de s\u00edntomas de insuficiencia, gases o infecciones gastrointestinales leves.<\/p>\n<p>Propiedades antiinflamatorias:<\/p>\n<p>El aceite de or\u00e9gano puede reducir la inflamaci\u00f3n, lo que lo hace \u00fatil para personas con afecciones inflamatorias cr\u00f3nicas, como artritis (aunque la evidencia es limitada).<\/p>\n<p>Antioxidantes naturales:<\/p>\n<p>Sus compuestos ayudan a neutralizar los radicales libres, protegiendo las c\u00e9lulas del da\u00f1o oxidativo y apoyando la salud general.<\/p>\n<p>Usos tradicionales:<\/p>\n<p>En la medicina tradicional, se ha usado para tratar problemas respiratorios (como tos o congesti\u00f3n), infecciones de la piel (en forma t\u00f3pica, no en c\u00e1psulas) y como un t\u00f3nico general para la salud.<\/p>\n<p>C\u00f3mo se usan las c\u00e1psulas<\/p>\n<p>Dosis: Var\u00eda seg\u00fan la marca y la concentraci\u00f3n. Generalmente, se toman 1-2 c\u00e1psulas al d\u00eda con alimentos para evitar irritaci\u00f3n estomacal. Siempre sigue las instrucciones del fabricante o consulta a un m\u00e9dico.<\/p>","protected":false},"excerpt":{"rendered":"<p><span class=\"HwtZe\" lang=\"en\"><span class=\"jCAhz ChMk0b\"><span class=\"ryNqvb\">El aceite de or\u00e9gano es conocido por su capacidad para combatir bacterias, virus, hongos y par\u00e1sitos.<\/span><\/span><\/span><\/p>\n<p><strong><span class=\"HwtZe\" lang=\"en\"><span class=\"jCAhz ChMk0b\"><span class=\"ryNqvb\">Env\u00edo gratis.<\/span><\/span> <span class=\"jCAhz ChMk0b\"><span class=\"ryNqvb\">Paga al recibir<\/span><\/span><\/span><\/strong><\/p>","protected":false},"featured_media":1298,"template":"","meta":{"_acf_changed":false},"product_brand":[],"product_cat":[42],"product_tag":[],"class_list":{"0":"post-1293","1":"product","2":"type-product","3":"status-publish","4":"has-post-thumbnail","6":"product_cat-salud","8":"first","9":"instock","10":"shipping-taxable","11":"purchasable","12":"product-type-simple"},"acf":[],"_links":{"self":[{"href":"https:\/\/sanoralife.com\/es\/wp-json\/wp\/v2\/product\/1293","targetHints":{"allow":["GET"]}}],"collection":[{"href":"https:\/\/sanoralife.com\/es\/wp-json\/wp\/v2\/product"}],"about":[{"href":"https:\/\/sanoralife.com\/es\/wp-json\/wp\/v2\/types\/product"}],"wp:featuredmedia":[{"embeddable":true,"href":"https:\/\/sanoralife.com\/es\/wp-json\/wp\/v2\/media\/1298"}],"wp:attachment":[{"href":"https:\/\/sanoralife.com\/es\/wp-json\/wp\/v2\/media?parent=1293"}],"wp:term":[{"taxonomy":"product_brand","embeddable":true,"href":"https:\/\/sanoralife.com\/es\/wp-json\/wp\/v2\/product_brand?post=1293"},{"taxonomy":"product_cat","embeddable":true,"href":"https:\/\/sanoralife.com\/es\/wp-json\/wp\/v2\/product_cat?post=1293"},{"taxonomy":"product_tag","embeddable":true,"href":"https:\/\/sanoralife.com\/es\/wp-json\/wp\/v2\/product_tag?post=1293"}],"curies":[{"name":"wp","href":"https:\/\/api.w.org\/{rel}","templated":true}]}}