{"id":1300,"date":"2025-11-26T02:27:56","date_gmt":"2025-11-26T02:27:56","guid":{"rendered":"https:\/\/sanoralife.com\/product\/cloruro-de-magnesio-100cap-muscular\/"},"modified":"2025-12-07T19:58:46","modified_gmt":"2025-12-07T19:58:46","slug":"cloruro-de-magnesio-100cap-muscular","status":"publish","type":"product","link":"https:\/\/sanoralife.com\/es\/producto\/cloruro-de-magnesio-100cap-muscular\/","title":{"rendered":"Cloruro De Magnesio 100cap Muscular"},"content":{"rendered":"<p>CLORURO DE MAGNESIO<\/p>\n<p>F\u00f3rmula natural para el alivio articular y el bienestar muscular.<\/p>\n<p>Este suplemento alimenticio combina tres ingredientes clave para tu salud diaria:<\/p>\n<p>Cloruro de Magnesio para m\u00fasculos y nervios<br \/>\nC\u00farcuma como antiinflamatorio natural<br \/>\nHarpagofito para aliviar dolores articulares<\/p>\n<p>BENEFICIOS DE CONSUMIR CLORURO DE MAGNESIO<\/p>\n<p>\u2705 Mejora la funci\u00f3n muscular y nerviosa<\/p>\n<p>\u2705 Alivia dolores articulares y musculares<\/p>\n<p>\u2705 Disminuye la inflamaci\u00f3n naturalmente<\/p>\n<p>\u2705 Aumenta la movilidad y el confort f\u00edsico<\/p>\n<p>\u2705 Fortalece huesos y articulaciones<\/p>\n<p>MODO DE USO: Tomar 1 c\u00e1psula al d\u00eda, con abundante agua y preferiblemente con las comidas.<\/p>\n<p>PRESENTACI\u00d3N: Frasco con 100 c\u00e1psulas (m\u00e1s de 3 meses de uso)<\/p>\n<p>IDEAL PARA:<\/p>\n<p>\u2714\ufe0f Personas activas o con desgaste f\u00edsico<\/p>\n<p>\u2714\ufe0f Adultos con molestias en articulaciones o m\u00fasculos<\/p>\n<p>\u2714\ufe0f Quienes buscan una opci\u00f3n natural para el dolor e inflamaci\u00f3n<\/p>\n<p>&nbsp;<\/p>","protected":false},"excerpt":{"rendered":"<p><span class=\"HwtZe\" lang=\"en\"><span class=\"jCAhz ChMk0b\"><span class=\"ryNqvb\">F\u00f3rmula natural para el alivio articular y el bienestar muscular.<\/span><\/span><\/span><\/p>\n<p><strong><span class=\"HwtZe\" lang=\"en\"><span class=\"jCAhz ChMk0b\"><span class=\"ryNqvb\">Env\u00edo gratis.<\/span><\/span> <span class=\"jCAhz ChMk0b\"><span class=\"ryNqvb\">Paga al recibir<\/span><\/span><\/span><\/strong><\/p>","protected":false},"featured_media":1302,"template":"","meta":{"_acf_changed":false},"product_brand":[],"product_cat":[42],"product_tag":[],"class_list":{"0":"post-1300","1":"product","2":"type-product","3":"status-publish","4":"has-post-thumbnail","6":"product_cat-salud","8":"first","9":"instock","10":"shipping-taxable","11":"purchasable","12":"product-type-simple"},"acf":[],"_links":{"self":[{"href":"https:\/\/sanoralife.com\/es\/wp-json\/wp\/v2\/product\/1300","targetHints":{"allow":["GET"]}}],"collection":[{"href":"https:\/\/sanoralife.com\/es\/wp-json\/wp\/v2\/product"}],"about":[{"href":"https:\/\/sanoralife.com\/es\/wp-json\/wp\/v2\/types\/product"}],"wp:featuredmedia":[{"embeddable":true,"href":"https:\/\/sanoralife.com\/es\/wp-json\/wp\/v2\/media\/1302"}],"wp:attachment":[{"href":"https:\/\/sanoralife.com\/es\/wp-json\/wp\/v2\/media?parent=1300"}],"wp:term":[{"taxonomy":"product_brand","embeddable":true,"href":"https:\/\/sanoralife.com\/es\/wp-json\/wp\/v2\/product_brand?post=1300"},{"taxonomy":"product_cat","embeddable":true,"href":"https:\/\/sanoralife.com\/es\/wp-json\/wp\/v2\/product_cat?post=1300"},{"taxonomy":"product_tag","embeddable":true,"href":"https:\/\/sanoralife.com\/es\/wp-json\/wp\/v2\/product_tag?post=1300"}],"curies":[{"name":"wp","href":"https:\/\/api.w.org\/{rel}","templated":true}]}}