{"id":1306,"date":"2025-11-26T03:52:08","date_gmt":"2025-11-26T03:52:08","guid":{"rendered":"https:\/\/sanoralife.com\/product\/shilajit-vitamin-100ml-energia\/"},"modified":"2025-11-30T23:36:52","modified_gmt":"2025-11-30T23:36:52","slug":"shilajit-vitamin-100ml-energia","status":"publish","type":"product","link":"https:\/\/sanoralife.com\/es\/producto\/shilajit-vitamin-100ml-energia\/","title":{"rendered":"SHILAJIT VITAMIN 100ML \/ ENERGIA"},"content":{"rendered":"<p>\ud83c\udf31 \u00bf Shilajit en jalea?<\/p>\n<p>\ud83c\udf43 UNICO DEL LABORATORIO NATURALPLAST \ud83c\udf43<br \/>\nEl Shilajit es una resina mineralizada que se forma en las monta\u00f1as (especialmente el Himalaya). Tradicionalmente se ha usado en la medicina ayurv\u00e9dica como revitalizante y adapt\u00f3geno.<br \/>\nEn formato jalea, se hace m\u00e1s f\u00e1cil de consumir, con mejor sabor y dosificaci\u00f3n.<\/p>\n<p>\ud83d\udcaa Beneficios principales del Shilajit en jalea<br \/>\n1. Energ\u00eda y vitalidad<br \/>\no Aporta minerales y \u00e1cido f\u00falvico que ayudan a mejorar la producci\u00f3n de energ\u00eda celular (ATP).<\/p>\n<p>o Reduce el cansancio y la fatiga.<\/p>\n<p>2. Apoyo a la testosterona y rendimiento masculino<br \/>\no Estudios sugieren que puede aumentar los niveles de testosterona, favoreciendo fuerza, libido y recuperaci\u00f3n.<\/p>\n<p>3. Salud cognitiva<br \/>\no Estimula la funci\u00f3n cerebral y protege contra el estr\u00e9s oxidativo.<\/p>\n<p>o Mejora memoria y concentraci\u00f3n.<\/p>","protected":false},"excerpt":{"rendered":"<p>El Shilajit es una resina mineralizada que se forma en las monta\u00f1as (especialmente el Himalaya). Tradicionalmente se ha usado en la medicina ayurv\u00e9dica como revitalizante y adapt\u00f3geno.<\/p>\n<p><strong><span class=\"HwtZe\" lang=\"en\"><span class=\"jCAhz ChMk0b\"><span class=\"ryNqvb\">Env\u00edo gratis.<\/span><\/span> <span class=\"jCAhz ChMk0b\"><span class=\"ryNqvb\">Paga al recibir<\/span><\/span><\/span><\/strong><\/p>","protected":false},"featured_media":1308,"template":"","meta":{"_acf_changed":false},"product_brand":[],"product_cat":[42],"product_tag":[],"class_list":{"0":"post-1306","1":"product","2":"type-product","3":"status-publish","4":"has-post-thumbnail","6":"product_cat-salud","8":"first","9":"instock","10":"shipping-taxable","11":"purchasable","12":"product-type-simple"},"acf":[],"_links":{"self":[{"href":"https:\/\/sanoralife.com\/es\/wp-json\/wp\/v2\/product\/1306","targetHints":{"allow":["GET"]}}],"collection":[{"href":"https:\/\/sanoralife.com\/es\/wp-json\/wp\/v2\/product"}],"about":[{"href":"https:\/\/sanoralife.com\/es\/wp-json\/wp\/v2\/types\/product"}],"wp:featuredmedia":[{"embeddable":true,"href":"https:\/\/sanoralife.com\/es\/wp-json\/wp\/v2\/media\/1308"}],"wp:attachment":[{"href":"https:\/\/sanoralife.com\/es\/wp-json\/wp\/v2\/media?parent=1306"}],"wp:term":[{"taxonomy":"product_brand","embeddable":true,"href":"https:\/\/sanoralife.com\/es\/wp-json\/wp\/v2\/product_brand?post=1306"},{"taxonomy":"product_cat","embeddable":true,"href":"https:\/\/sanoralife.com\/es\/wp-json\/wp\/v2\/product_cat?post=1306"},{"taxonomy":"product_tag","embeddable":true,"href":"https:\/\/sanoralife.com\/es\/wp-json\/wp\/v2\/product_tag?post=1306"}],"curies":[{"name":"wp","href":"https:\/\/api.w.org\/{rel}","templated":true}]}}